{"id":2215,"date":"2022-05-30T16:10:44","date_gmt":"2022-05-30T13:10:44","guid":{"rendered":"https:\/\/multimediabilgisayar.com\/blog\/?page_id=2215"},"modified":"2023-06-22T15:20:09","modified_gmt":"2023-06-22T12:20:09","slug":"blog","status":"publish","type":"page","link":"https:\/\/multimediabilgisayar.com\/blog\/blog\/","title":{"rendered":"Blog"},"content":{"rendered":"<h2 class=\"blog-yazi-baslik\">Blog Yaz\u0131lar\u0131m\u0131z<\/h2>\n<p><a target=\"_blank\" rel=\"noopener\">&gt; Bilim<\/a><a target=\"_blank\" rel=\"noopener\">&gt;. Donan\u0131m<\/a><a target=\"_blank\" rel=\"noopener\">&gt; E\u011fitim<\/a><a target=\"_blank\" rel=\"noopener\">&gt; Giyilebilir Teknoloji<\/a><a target=\"_blank\" rel=\"noopener\">&gt; G\u00fcvenlik<\/a><a target=\"_blank\" rel=\"noopener\">&gt;. \u0130nternet<\/a><a target=\"_blank\" rel=\"noopener\">&gt; Kripto Para<\/a><a target=\"_blank\" rel=\"noopener\">&gt; Mobil<\/a><a target=\"_blank\" rel=\"noopener\">&gt; Network<\/a><a target=\"_blank\" rel=\"noopener\">&gt; Otomobil<\/a><a target=\"_blank\" rel=\"noopener\">&gt; Oyun\/E\u011flence<\/a><a target=\"_blank\" rel=\"noopener\">&gt; Sekt\u00f6rel<\/a><a target=\"_blank\" rel=\"noopener\">&gt; Siber G\u00fcvenlik<\/a><a target=\"_blank\" rel=\"noopener\">&gt; Sosyal Medya<\/a><a target=\"_blank\" rel=\"noopener\">&gt; Teknoloji<\/a><a target=\"_blank\" rel=\"noopener\">&gt; Web Tasar\u0131m<\/a><a target=\"_blank\" rel=\"noopener\">&gt; Yapay Zeka<\/a><a target=\"_blank\" rel=\"noopener\">&gt; Ya\u015fam<\/a><a target=\"_blank\" rel=\"noopener\">&gt; Yaz\u0131l\u0131m<\/a><\/p>\n<div class=\"single-blog-baslik\">\n<h3>Li-Fi Teknolojisi Nedir?<\/h3>\n<p><button class=\"goback\">&lt;&lt; Geri D\u00f6n<\/button><\/p>\n<\/div>\n<p class=\"single-blog-kategori\">Network &#8211; Aral\u0131k 15, 2021<\/p>\n<div class=\"single-blog-ic\">\n<div class=\"single-blog-yazi\">\n<p>G\u00fcn\u00fcm\u00fcz bili\u015fim teknolojisinin internete eri\u015fimin nas\u0131l sa\u011flanaca\u011f\u0131 de\u011fil; internet h\u0131z\u0131n\u0131n ne kadar daha art\u0131r\u0131labilece\u011finin aray\u0131\u015f\u0131 durmaks\u0131z\u0131n devam etmektedir. Ve bununla birlikte yeni teknolojilere duyulan ihtiya\u00e7 her ge\u00e7en g\u00fcn daha da artmaktad\u0131r.\u00a0<a href=\"https:\/\/multimediabilgisayar.com\/blog\/wi-fi-6-nedir\/\"><strong>Wi-Fi (Wireless Fidelity),<\/strong><\/a>ak\u0131l almaz derecede g\u00fc\u00e7l\u00fc bir kablosuz ileti\u015fim teknolojisi olmas\u0131na ra\u011fmen yine de s\u0131n\u0131rl\u0131l\u0131klar\u0131 vard\u0131r. Ve hem n\u00fcfusunun artmas\u0131 hem de Nesnelerin \u0130nternet\u2019inin daha da \u00f6nem kazanmas\u0131yla birlikte internete h\u0131zl\u0131 eri\u015fim konusunda yetersiz kalmaktad\u0131r. \u0130\u015fte bu noktada kablosuz ileti\u015fim i\u00e7in bir ba\u015fka alternatif olarak kar\u015f\u0131m\u0131za, Li-fi teknolojisi \u00e7\u0131km\u0131\u015ft\u0131r.<\/p>\n<\/div>\n<\/div>\n<div class=\"single-blog-baslik\">\n<h3>Fidye Yaz\u0131l\u0131m Nedir?<\/h3>\n<p><button class=\"goback\">&lt;&lt; Geri D\u00f6n<\/button><\/p>\n<\/div>\n<p class=\"single-blog-kategori\">G\u00fcvenlik &#8211; Nisan 9, 2022<\/p>\n<div class=\"single-blog-ic\">\n<div class=\"single-blog-yazi\">\n<p>G\u00fcn\u00fcm\u00fczde \u00e7ok say\u0131da fidye yaz\u0131l\u0131m\u0131 bulunmaktad\u0131r. Bu yaz\u0131l\u0131mlar Windows, Mac OS X, Linux ve Android cihazlar\u0131 tehdit etmektedir. Fidye yaz\u0131l\u0131mlar\u0131 a\u011f\u0131rl\u0131kl\u0131 olarak Windows ve Android cihazlarda g\u00f6r\u00fclmektedir.<\/p>\n<h2>Fidye Yaz\u0131l\u0131m Nedir?<\/h2>\n<p><img fetchpriority=\"high\" decoding=\"async\" class=\"aligncenter wp-image-3073 size-full\" src=\"http:\/\/multimediabilgisayar.com\/blog\/wp-content\/uploads\/2022\/04\/multi-yazilim-fidye-1.jpg\" sizes=\"(max-width: 1921px) 100vw, 1921px\" srcset=\"https:\/\/multimediabilgisayar.com\/blog\/wp-content\/uploads\/2022\/04\/multi-yazilim-fidye-1.jpg 1921w, https:\/\/multimediabilgisayar.com\/blog\/wp-content\/uploads\/2022\/04\/multi-yazilim-fidye-1-300x200.jpg 300w, https:\/\/multimediabilgisayar.com\/blog\/wp-content\/uploads\/2022\/04\/multi-yazilim-fidye-1-1024x682.jpg 1024w, https:\/\/multimediabilgisayar.com\/blog\/wp-content\/uploads\/2022\/04\/multi-yazilim-fidye-1-768x512.jpg 768w, https:\/\/multimediabilgisayar.com\/blog\/wp-content\/uploads\/2022\/04\/multi-yazilim-fidye-1-1536x1023.jpg 1536w, https:\/\/multimediabilgisayar.com\/blog\/wp-content\/uploads\/2022\/04\/multi-yazilim-fidye-1-158x105.jpg 158w, https:\/\/multimediabilgisayar.com\/blog\/wp-content\/uploads\/2022\/04\/multi-yazilim-fidye-1-1320x880.jpg 1320w\" alt=\"Fidye Yaz\u0131l\u0131m Nedir?\" width=\"1921\" height=\"1280\" \/><\/p>\n<p>\u015eantaj yaz\u0131l\u0131m\u0131 veya fidye vir\u00fcs\u00fc olarak da adland\u0131r\u0131lmaktad\u0131r.\u00a0<strong><a href=\"https:\/\/multimediabilgisayar.com\/blog\/fidye-yazilim-nedir\/\">Fidye yaz\u0131l\u0131m\u0131<\/a>,<\/strong>\u00a0dosyalara veya sistemlere eri\u015fim sa\u011flayan ve kullan\u0131c\u0131lar\u0131n bu dosya veya sistemlere eri\u015fimini engelleyen bir t\u00fcr k\u00f6t\u00fc ama\u00e7l\u0131 yaz\u0131l\u0131md\u0131r. Genellikle bilgisayar sisteminde depolanan verilerin \u015fifrelenmesine neden olmaktad\u0131r. Ma\u011fdur, \u015fifre \u00e7\u00f6zme anahtar\u0131 kar\u015f\u0131l\u0131\u011f\u0131nda fidye \u00f6deyinceye kadar t\u00fcm dosyalar ve hatta t\u00fcm cihazlara \u015fifreleme kullan\u0131larak rehin kalabilmektedir. Fidye yaz\u0131l\u0131mlar genellikle parayla ili\u015fkilidir. Di\u011fer sald\u0131r\u0131 t\u00fcrlerinden farkl\u0131 olarak genellikle ma\u011fdur sald\u0131r\u0131 durumunda bilgilendirilir. Ki\u015finin, sald\u0131r\u0131dan kurutulmak i\u00e7in izlemesi gereken talimatlar\u0131 \u00f6\u011frenmesi ger. Genellikle \u00f6demelerin, siber su\u00e7lu kimli\u011finin bilinmemesi ve \u00f6demenin izlenmesini zorla\u015ft\u0131rmak i\u00e7in bitcoin gibi kripto paralar ile yap\u0131lmaktad\u0131r.\u00a0<a href=\"https:\/\/multimediabilgisayar.com\/blog\/fidye-yazilim-nedir\/\"><strong>Fidye yaz\u0131l\u0131mlar\u0131n\u0131n<\/strong><\/a>en k\u00f6t\u00fc yan\u0131, \u00fccret \u00f6denmesine ra\u011fmen verilerinizi alamama ihtimalinizin olmas\u0131d\u0131r. Daha k\u00f6t\u00fcs\u00fc fidyenizi \u00f6deyip verilerinizi geri alsan\u0131z bile, o verilerin ne zaman size kar\u015f\u0131 ne \u015fekilde tekrar k\u00f6t\u00fcye kullan\u0131laca\u011f\u0131n\u0131 kestirmeniz m\u00fcmk\u00fcn olmamas\u0131d\u0131r.<\/p>\n<\/div>\n<div class=\"single-blog-baslik\">\n<h3>Yapay Zeka Nedir?<\/h3>\n<p><button class=\"goback\">&lt;&lt; Geri D\u00f6n<\/button><\/p>\n<\/div>\n<p class=\"single-blog-kategori\">Yapay Zeka &#8211; Kas\u0131m 24, 2021<\/p>\n<div class=\"single-blog-ic\">\n<div class=\"single-blog-yazi\">\n<p>G\u00fcn\u00fcm\u00fczde art\u0131k yapay zeka ile s\u00fcrekli ileti\u015fim halinde olmaktay\u0131z. Yapay zekan\u0131n geli\u015fmesiyle telefonlar\u0131m\u0131z, televizyonlar\u0131m\u0131z, hatta ev aletlerimiz\u2026 Hepsi yapay zekaya sahip bir \u015fekilde \u00fcretilebiliyor, \u00fcstelik bununla kalmay\u0131p birbirleriyle de ileti\u015fim halinde olabiliyor.<\/p>\n<h2><\/h2>\n<h2>Yapay zeka nedir?<\/h2>\n<p>Literat\u00fcrde \u201cArtificial Intelligence\u201d olarak adland\u0131r\u0131lan yapay zeka veya bilimsel ad\u0131yla mant\u0131ksal analiz robotu, bir bilgisayar\u0131n veya bilgisayar kontrol\u00fcndeki bir robotun insana \u00f6zg\u00fc nitelikler olan ak\u0131l y\u00fcr\u00fctme, anlam \u00e7\u0131kartma ve ge\u00e7mi\u015f deneyimlerden \u00f6\u011frenme gibi y\u00fcksek zeka gerektiren faaliyetleri, insan zekas\u0131n\u0131n \u00e7al\u0131\u015fma modelini \u00f6rnek alarak ger\u00e7ekle\u015ftirmesi \u015feklinde ifade edilebilir.<\/p>\n<p>Blog<img decoding=\"async\" class=\"wp-image-2095 size-full\" src=\"http:\/\/multimediabilgisayar.com\/blog\/wp-content\/uploads\/2022\/05\/yapay-zeka.jpg\" sizes=\"(max-width: 1920px) 100vw, 1920px\" srcset=\"https:\/\/multimediabilgisayar.com\/blog\/wp-content\/uploads\/2022\/05\/yapay-zeka.jpg 1920w, https:\/\/multimediabilgisayar.com\/blog\/wp-content\/uploads\/2022\/05\/yapay-zeka-300x200.jpg 300w, https:\/\/multimediabilgisayar.com\/blog\/wp-content\/uploads\/2022\/05\/yapay-zeka-1024x684.jpg 1024w, https:\/\/multimediabilgisayar.com\/blog\/wp-content\/uploads\/2022\/05\/yapay-zeka-768x513.jpg 768w, https:\/\/multimediabilgisayar.com\/blog\/wp-content\/uploads\/2022\/05\/yapay-zeka-1536x1026.jpg 1536w, https:\/\/multimediabilgisayar.com\/blog\/wp-content\/uploads\/2022\/05\/yapay-zeka-157x105.jpg 157w\" alt=\"YAPAY ZEKA NED\u0130R?\" width=\"1920\" height=\"1282\" \/><\/p>\n<\/div>\n<\/div>\n<\/div>\n","protected":false},"excerpt":{"rendered":"<p>Blog Yaz\u0131lar\u0131m\u0131z &gt; Bilim&gt;. Donan\u0131m&gt; E\u011fitim&gt; Giyilebilir Teknoloji&gt; G\u00fcvenlik&gt;. \u0130nternet&gt; Kripto Para&gt; Mobil&gt; Network&gt; Otomobil&gt; Oyun\/E\u011flence&gt; Sekt\u00f6rel&gt; Siber G\u00fcvenlik&gt; Sosyal Medya&gt; Teknoloji&gt; Web Tasar\u0131m&gt; Yapay Zeka&gt; Ya\u015fam&gt; Yaz\u0131l\u0131m Li-Fi Teknolojisi Nedir? &lt;&lt; Geri D\u00f6n Network &#8211; Aral\u0131k 15, 2021 G\u00fcn\u00fcm\u00fcz bili\u015fim teknolojisinin internete eri\u015fimin nas\u0131l sa\u011flanaca\u011f\u0131 de\u011fil; internet h\u0131z\u0131n\u0131n ne kadar daha art\u0131r\u0131labilece\u011finin aray\u0131\u015f\u0131 durmaks\u0131z\u0131n [&hellip;]<\/p>\n","protected":false},"author":1,"featured_media":0,"parent":0,"menu_order":0,"comment_status":"closed","ping_status":"closed","template":"","meta":{"footnotes":""},"class_list":["post-2215","page","type-page","status-publish","hentry"],"yoast_head":"<!-- This site is optimized with the Yoast SEO plugin v27.1.1 - https:\/\/yoast.com\/product\/yoast-seo-wordpress\/ -->\n<title>Blog - Multimedia Bilgisayar | Blog<\/title>\n<meta name=\"description\" content=\"&gt; Bilim&gt; Donan\u0131m&gt; E\u011fitim&gt; Giyilebilir Teknoloji&gt; G\u00fcvenlik&gt; \u0130nternet&gt; Kripto Para&gt; Mobil&gt; Network&gt; Oyun\/E\u011flence.. Bey\u015fehir\/ KONYA Blog\" \/>\n<meta name=\"robots\" content=\"index, follow, max-snippet:-1, max-image-preview:large, max-video-preview:-1\" \/>\n<link rel=\"canonical\" href=\"https:\/\/multimediabilgisayar.com\/blog\/blog\/\" \/>\n<meta property=\"og:locale\" content=\"tr_TR\" \/>\n<meta property=\"og:type\" content=\"article\" \/>\n<meta property=\"og:title\" content=\"Blog - Multimedia Bilgisayar | Blog\" \/>\n<meta property=\"og:description\" content=\"&gt; Bilim&gt; Donan\u0131m&gt; E\u011fitim&gt; Giyilebilir Teknoloji&gt; G\u00fcvenlik&gt; \u0130nternet&gt; Kripto Para&gt; Mobil&gt; Network&gt; Oyun\/E\u011flence.. Bey\u015fehir\/ KONYA Blog\" \/>\n<meta property=\"og:url\" content=\"https:\/\/multimediabilgisayar.com\/blog\/blog\/\" \/>\n<meta property=\"og:site_name\" content=\"Multimedia Bilgisayar | Blog\" \/>\n<meta property=\"article:modified_time\" content=\"2023-06-22T12:20:09+00:00\" \/>\n<meta property=\"og:image\" content=\"http:\/\/multimediabilgisayar.com\/blog\/wp-content\/uploads\/2022\/04\/multi-yazilim-fidye-1.jpg\" \/>\n<meta name=\"twitter:card\" content=\"summary_large_image\" \/>\n<meta name=\"twitter:label1\" content=\"Tahmini okuma s\u00fcresi\" \/>\n\t<meta name=\"twitter:data1\" content=\"3 dakika\" \/>\n<script type=\"application\/ld+json\" class=\"yoast-schema-graph\">{\"@context\":\"https:\/\/schema.org\",\"@graph\":[{\"@type\":\"WebPage\",\"@id\":\"https:\/\/multimediabilgisayar.com\/blog\/blog\/\",\"url\":\"https:\/\/multimediabilgisayar.com\/blog\/blog\/\",\"name\":\"Blog - Multimedia Bilgisayar | Blog\",\"isPartOf\":{\"@id\":\"https:\/\/multimediabilgisayar.com\/blog\/#website\"},\"primaryImageOfPage\":{\"@id\":\"https:\/\/multimediabilgisayar.com\/blog\/blog\/#primaryimage\"},\"image\":{\"@id\":\"https:\/\/multimediabilgisayar.com\/blog\/blog\/#primaryimage\"},\"thumbnailUrl\":\"http:\/\/multimediabilgisayar.com\/blog\/wp-content\/uploads\/2022\/04\/multi-yazilim-fidye-1.jpg\",\"datePublished\":\"2022-05-30T13:10:44+00:00\",\"dateModified\":\"2023-06-22T12:20:09+00:00\",\"description\":\"> Bilim> Donan\u0131m> E\u011fitim> Giyilebilir Teknoloji> G\u00fcvenlik> \u0130nternet> Kripto Para> Mobil> Network> Oyun\/E\u011flence.. Bey\u015fehir\/ KONYA Blog\",\"breadcrumb\":{\"@id\":\"https:\/\/multimediabilgisayar.com\/blog\/blog\/#breadcrumb\"},\"inLanguage\":\"tr\",\"potentialAction\":[{\"@type\":\"ReadAction\",\"target\":[\"https:\/\/multimediabilgisayar.com\/blog\/blog\/\"]}]},{\"@type\":\"ImageObject\",\"inLanguage\":\"tr\",\"@id\":\"https:\/\/multimediabilgisayar.com\/blog\/blog\/#primaryimage\",\"url\":\"https:\/\/multimediabilgisayar.com\/blog\/wp-content\/uploads\/2022\/04\/multi-yazilim-fidye-1.jpg\",\"contentUrl\":\"https:\/\/multimediabilgisayar.com\/blog\/wp-content\/uploads\/2022\/04\/multi-yazilim-fidye-1.jpg\",\"width\":1921,\"height\":1280,\"caption\":\"Fidye Yaz\u0131l\u0131m Nedir?\"},{\"@type\":\"BreadcrumbList\",\"@id\":\"https:\/\/multimediabilgisayar.com\/blog\/blog\/#breadcrumb\",\"itemListElement\":[{\"@type\":\"ListItem\",\"position\":1,\"name\":\"Anasayfa\",\"item\":\"https:\/\/multimediabilgisayar.com\/blog\/\"},{\"@type\":\"ListItem\",\"position\":2,\"name\":\"Blog\"}]},{\"@type\":\"WebSite\",\"@id\":\"https:\/\/multimediabilgisayar.com\/blog\/#website\",\"url\":\"https:\/\/multimediabilgisayar.com\/blog\/\",\"name\":\"Multimedia Bilgisayar | Blog\",\"description\":\"\",\"publisher\":{\"@id\":\"https:\/\/multimediabilgisayar.com\/blog\/#organization\"},\"potentialAction\":[{\"@type\":\"SearchAction\",\"target\":{\"@type\":\"EntryPoint\",\"urlTemplate\":\"https:\/\/multimediabilgisayar.com\/blog\/?s={search_term_string}\"},\"query-input\":{\"@type\":\"PropertyValueSpecification\",\"valueRequired\":true,\"valueName\":\"search_term_string\"}}],\"inLanguage\":\"tr\"},{\"@type\":\"Organization\",\"@id\":\"https:\/\/multimediabilgisayar.com\/blog\/#organization\",\"name\":\"Multimedia Bilgisayar | Blog\",\"url\":\"https:\/\/multimediabilgisayar.com\/blog\/\",\"logo\":{\"@type\":\"ImageObject\",\"inLanguage\":\"tr\",\"@id\":\"https:\/\/multimediabilgisayar.com\/blog\/#\/schema\/logo\/image\/\",\"url\":\"https:\/\/multimediabilgisayar.com\/blog\/wp-content\/uploads\/2024\/11\/Multi-Logo-Siyah.png\",\"contentUrl\":\"https:\/\/multimediabilgisayar.com\/blog\/wp-content\/uploads\/2024\/11\/Multi-Logo-Siyah.png\",\"width\":2386,\"height\":403,\"caption\":\"Multimedia Bilgisayar | Blog\"},\"image\":{\"@id\":\"https:\/\/multimediabilgisayar.com\/blog\/#\/schema\/logo\/image\/\"}}]}<\/script>\n<!-- \/ Yoast SEO plugin. -->","yoast_head_json":{"title":"Blog - Multimedia Bilgisayar | Blog","description":"> Bilim> Donan\u0131m> E\u011fitim> Giyilebilir Teknoloji> G\u00fcvenlik> \u0130nternet> Kripto Para> Mobil> Network> Oyun\/E\u011flence.. Bey\u015fehir\/ KONYA Blog","robots":{"index":"index","follow":"follow","max-snippet":"max-snippet:-1","max-image-preview":"max-image-preview:large","max-video-preview":"max-video-preview:-1"},"canonical":"https:\/\/multimediabilgisayar.com\/blog\/blog\/","og_locale":"tr_TR","og_type":"article","og_title":"Blog - Multimedia Bilgisayar | Blog","og_description":"> Bilim> Donan\u0131m> E\u011fitim> Giyilebilir Teknoloji> G\u00fcvenlik> \u0130nternet> Kripto Para> Mobil> Network> Oyun\/E\u011flence.. Bey\u015fehir\/ KONYA Blog","og_url":"https:\/\/multimediabilgisayar.com\/blog\/blog\/","og_site_name":"Multimedia Bilgisayar | Blog","article_modified_time":"2023-06-22T12:20:09+00:00","og_image":[{"url":"http:\/\/multimediabilgisayar.com\/blog\/wp-content\/uploads\/2022\/04\/multi-yazilim-fidye-1.jpg","type":"","width":"","height":""}],"twitter_card":"summary_large_image","twitter_misc":{"Tahmini okuma s\u00fcresi":"3 dakika"},"schema":{"@context":"https:\/\/schema.org","@graph":[{"@type":"WebPage","@id":"https:\/\/multimediabilgisayar.com\/blog\/blog\/","url":"https:\/\/multimediabilgisayar.com\/blog\/blog\/","name":"Blog - Multimedia Bilgisayar | Blog","isPartOf":{"@id":"https:\/\/multimediabilgisayar.com\/blog\/#website"},"primaryImageOfPage":{"@id":"https:\/\/multimediabilgisayar.com\/blog\/blog\/#primaryimage"},"image":{"@id":"https:\/\/multimediabilgisayar.com\/blog\/blog\/#primaryimage"},"thumbnailUrl":"http:\/\/multimediabilgisayar.com\/blog\/wp-content\/uploads\/2022\/04\/multi-yazilim-fidye-1.jpg","datePublished":"2022-05-30T13:10:44+00:00","dateModified":"2023-06-22T12:20:09+00:00","description":"> Bilim> Donan\u0131m> E\u011fitim> Giyilebilir Teknoloji> G\u00fcvenlik> \u0130nternet> Kripto Para> Mobil> Network> Oyun\/E\u011flence.. Bey\u015fehir\/ KONYA Blog","breadcrumb":{"@id":"https:\/\/multimediabilgisayar.com\/blog\/blog\/#breadcrumb"},"inLanguage":"tr","potentialAction":[{"@type":"ReadAction","target":["https:\/\/multimediabilgisayar.com\/blog\/blog\/"]}]},{"@type":"ImageObject","inLanguage":"tr","@id":"https:\/\/multimediabilgisayar.com\/blog\/blog\/#primaryimage","url":"https:\/\/multimediabilgisayar.com\/blog\/wp-content\/uploads\/2022\/04\/multi-yazilim-fidye-1.jpg","contentUrl":"https:\/\/multimediabilgisayar.com\/blog\/wp-content\/uploads\/2022\/04\/multi-yazilim-fidye-1.jpg","width":1921,"height":1280,"caption":"Fidye Yaz\u0131l\u0131m Nedir?"},{"@type":"BreadcrumbList","@id":"https:\/\/multimediabilgisayar.com\/blog\/blog\/#breadcrumb","itemListElement":[{"@type":"ListItem","position":1,"name":"Anasayfa","item":"https:\/\/multimediabilgisayar.com\/blog\/"},{"@type":"ListItem","position":2,"name":"Blog"}]},{"@type":"WebSite","@id":"https:\/\/multimediabilgisayar.com\/blog\/#website","url":"https:\/\/multimediabilgisayar.com\/blog\/","name":"Multimedia Bilgisayar | Blog","description":"","publisher":{"@id":"https:\/\/multimediabilgisayar.com\/blog\/#organization"},"potentialAction":[{"@type":"SearchAction","target":{"@type":"EntryPoint","urlTemplate":"https:\/\/multimediabilgisayar.com\/blog\/?s={search_term_string}"},"query-input":{"@type":"PropertyValueSpecification","valueRequired":true,"valueName":"search_term_string"}}],"inLanguage":"tr"},{"@type":"Organization","@id":"https:\/\/multimediabilgisayar.com\/blog\/#organization","name":"Multimedia Bilgisayar | Blog","url":"https:\/\/multimediabilgisayar.com\/blog\/","logo":{"@type":"ImageObject","inLanguage":"tr","@id":"https:\/\/multimediabilgisayar.com\/blog\/#\/schema\/logo\/image\/","url":"https:\/\/multimediabilgisayar.com\/blog\/wp-content\/uploads\/2024\/11\/Multi-Logo-Siyah.png","contentUrl":"https:\/\/multimediabilgisayar.com\/blog\/wp-content\/uploads\/2024\/11\/Multi-Logo-Siyah.png","width":2386,"height":403,"caption":"Multimedia Bilgisayar | Blog"},"image":{"@id":"https:\/\/multimediabilgisayar.com\/blog\/#\/schema\/logo\/image\/"}}]}},"_links":{"self":[{"href":"https:\/\/multimediabilgisayar.com\/blog\/wp-json\/wp\/v2\/pages\/2215","targetHints":{"allow":["GET"]}}],"collection":[{"href":"https:\/\/multimediabilgisayar.com\/blog\/wp-json\/wp\/v2\/pages"}],"about":[{"href":"https:\/\/multimediabilgisayar.com\/blog\/wp-json\/wp\/v2\/types\/page"}],"author":[{"embeddable":true,"href":"https:\/\/multimediabilgisayar.com\/blog\/wp-json\/wp\/v2\/users\/1"}],"replies":[{"embeddable":true,"href":"https:\/\/multimediabilgisayar.com\/blog\/wp-json\/wp\/v2\/comments?post=2215"}],"version-history":[{"count":6,"href":"https:\/\/multimediabilgisayar.com\/blog\/wp-json\/wp\/v2\/pages\/2215\/revisions"}],"predecessor-version":[{"id":7576,"href":"https:\/\/multimediabilgisayar.com\/blog\/wp-json\/wp\/v2\/pages\/2215\/revisions\/7576"}],"wp:attachment":[{"href":"https:\/\/multimediabilgisayar.com\/blog\/wp-json\/wp\/v2\/media?parent=2215"}],"curies":[{"name":"wp","href":"https:\/\/api.w.org\/{rel}","templated":true}]}}